{"id":13,"date":"2025-02-26T20:48:30","date_gmt":"2025-02-26T20:48:30","guid":{"rendered":"http:\/\/maycohsa.com\/?page_id=13"},"modified":"2025-05-26T17:39:23","modified_gmt":"2025-05-26T17:39:23","slug":"logistica","status":"publish","type":"page","link":"http:\/\/maycohsa.com\/?page_id=13","title":{"rendered":"Log\u00edstica"},"content":{"rendered":"\n<div class=\"wp-block-group alignwide has-text-color has-background has-link-color wp-elements-203e1ca6939b7a95ca379d28f3d4ddc7 is-vertical is-content-justification-stretch is-layout-flex wp-container-core-group-is-layout-03ea0e6e wp-block-group-is-layout-flex\" style=\"border-style:none;border-width:0px;border-radius:5px;color:#ffd000;background-color:#000000\">\n<div class=\"wp-block-group has-global-padding is-layout-constrained wp-block-group-is-layout-constrained\">\n<div style=\"height:50px\" aria-hidden=\"true\" class=\"wp-block-spacer\"><\/div>\n\n\n<h1 style=\"color:#f2672e; font-style:normal;font-weight:700;\" class=\"has-text-align-center has-link-color alignwide wp-elements-5341a178112bf03df1b6d4645ca16798 wp-block-post-title has-text-color has-xx-large-font-size has-system-sans-serif-font-family\">Log\u00edstica<\/h1><\/div>\n\n\n\n<div class=\"wp-block-group alignwide has-text-color has-background has-link-color wp-elements-60a3599ea88d8f85f4a2a5ad3c792b89 has-global-padding is-content-justification-center is-layout-constrained wp-container-core-group-is-layout-5b4429a0 wp-block-group-is-layout-constrained\" style=\"border-style:none;border-width:0px;border-radius:0px;color:#fecf84;background-color:#000000;min-height:1000px;margin-top:0;margin-bottom:0;padding-top:var(--wp--preset--spacing--50);padding-right:var(--wp--preset--spacing--50);padding-bottom:var(--wp--preset--spacing--50);padding-left:var(--wp--preset--spacing--50)\">\n<hr class=\"wp-block-separator has-text-color has-alpha-channel-opacity has-background is-style-wide\" style=\"margin-top:var(--wp--preset--spacing--20);margin-bottom:var(--wp--preset--spacing--20);background-color:#ffd000;color:#ffd000\"\/>\n\n\n\n<div class=\"wp-block-columns alignwide is-layout-flex wp-container-core-columns-is-layout-1da03c2a wp-block-columns-is-layout-flex\">\n<div class=\"wp-block-column is-layout-flow wp-container-core-column-is-layout-b2a27621 wp-block-column-is-layout-flow\" style=\"padding-top:0;padding-right:0;padding-bottom:0;padding-left:0;flex-basis:65%\">\n<h2 class=\"wp-block-heading has-text-align-center has-text-color has-link-color has-system-sans-serif-font-family wp-elements-2a1c1d3b0f3e0bc833bee07e74bac6db\" style=\"color:#f2672e;padding-top:var(--wp--preset--spacing--30);padding-bottom:var(--wp--preset--spacing--30)\"><strong>Qui\u00e9nes somos:<\/strong><\/h2>\n\n\n\n<p class=\"has-text-align-left has-system-sans-serif-font-family\" style=\"margin-top:var(--wp--preset--spacing--30);margin-bottom:var(--wp--preset--spacing--30)\">Somos una empresa americana debidamente constituida que ofrece servicios integrales de log\u00edstica, con amplio conocimiento del mercado.<br><br>Contamos con comercializadoras mexicanas, que nos permiten mover todo tipo de mercanc\u00eda de puerta a puerta.<br>No arriesgues tu tiempo ni tu dinero y deja que lo hagan los expertos. <\/p>\n\n\n\n<figure class=\"wp-block-image aligncenter size-full\"><img loading=\"lazy\" decoding=\"async\" width=\"1740\" height=\"1160\" src=\"http:\/\/maycohsa.com\/wp-content\/uploads\/2025\/03\/photo-1494412651409-8963ce7935a7.avif\" alt=\"\" class=\"wp-image-144\" srcset=\"http:\/\/maycohsa.com\/wp-content\/uploads\/2025\/03\/photo-1494412651409-8963ce7935a7.avif 1740w, http:\/\/maycohsa.com\/wp-content\/uploads\/2025\/03\/photo-1494412651409-8963ce7935a7-300x200.avif 300w, http:\/\/maycohsa.com\/wp-content\/uploads\/2025\/03\/photo-1494412651409-8963ce7935a7-1024x683.avif 1024w, http:\/\/maycohsa.com\/wp-content\/uploads\/2025\/03\/photo-1494412651409-8963ce7935a7-768x512.avif 768w, http:\/\/maycohsa.com\/wp-content\/uploads\/2025\/03\/photo-1494412651409-8963ce7935a7-1536x1024.avif 1536w\" sizes=\"auto, (max-width: 1740px) 100vw, 1740px\" \/><\/figure>\n<\/div>\n\n\n\n<div class=\"wp-block-column has-border-color has-text-color has-link-color wp-elements-cb6b0bf409445dbeb9d60e64408ef4ae is-layout-flow wp-block-column-is-layout-flow\" style=\"border-color:#f2672e;border-width:10px;color:#fecf84;padding-top:var(--wp--preset--spacing--10);padding-right:var(--wp--preset--spacing--10);padding-bottom:var(--wp--preset--spacing--10);padding-left:var(--wp--preset--spacing--10);flex-basis:40%\">\n<figure class=\"wp-block-image aligncenter size-full is-style-rounded is-style-rounded--1\"><img loading=\"lazy\" decoding=\"async\" width=\"600\" height=\"479\" src=\"http:\/\/maycohsa.com\/wp-content\/uploads\/2025\/03\/rsw_600cg_true.webp\" alt=\"\" class=\"wp-image-91\" style=\"aspect-ratio:4\/3;object-fit:cover\" srcset=\"http:\/\/maycohsa.com\/wp-content\/uploads\/2025\/03\/rsw_600cg_true.webp 600w, http:\/\/maycohsa.com\/wp-content\/uploads\/2025\/03\/rsw_600cg_true-300x240.webp 300w\" sizes=\"auto, (max-width: 600px) 100vw, 600px\" \/><\/figure>\n\n\n\n<h2 class=\"wp-block-heading has-text-align-center has-text-color has-link-color has-system-sans-serif-font-family wp-elements-ef8cb58658c5b6eb21ad36b5c9762169\" style=\"color:#f2672e\"><strong>Qu\u00e9 hacemos:<\/strong><\/h2>\n\n\n\n<p class=\"has-text-align-center has-system-sans-serif-font-family\" style=\"font-style:normal;font-weight:400\">Ofrecemos soluciones integrales de log\u00edstica, moviendo mercanc\u00eda desde el punto de origen hasta el punto destino.<br>Realizamos el despacho aduanal y la log\u00edstica internacional, asesorando al cliente en todo momento.<br><strong><mark style=\"background-color:rgba(0, 0, 0, 0);color:#f2672e\" class=\"has-inline-color\">Importamos desde una caja peque\u00f1a para un art\u00edculo personal, hasta una carga consolidada de 53 pies.<\/mark><\/strong><br><br><mark style=\"background-color:rgba(0, 0, 0, 0);color:#f2672e\" class=\"has-inline-color\"><strong>NOSOTROS TE AYUDAMOS A HACER TU PROYECTO UNA REALIDAD<\/strong><\/mark><br>aprovechando las ventajas de Ecommerce y la globalizaci\u00f3n.<br>Adquiere lo que necesitas, sin importar en qu\u00e9 parte del mundo se encuentre, nosotros nos encargamos de que llegue a tus manos.<\/p>\n<\/div>\n<\/div>\n\n\n\n<hr class=\"wp-block-separator has-text-color has-alpha-channel-opacity has-background is-style-wide\" style=\"margin-top:var(--wp--preset--spacing--30);margin-bottom:var(--wp--preset--spacing--30);background-color:#ffd000;color:#ffd000\"\/>\n\n\n\n<p class=\"has-text-align-center has-system-sans-serif-font-family\"><strong><mark style=\"background-color:rgba(0, 0, 0, 0);color:#f2672e\" class=\"has-inline-color\">NOSOTROS TE AYUDAMOS A HACER TU PROYECTO UNA REALIDAD<\/mark><\/strong>, aprovechando las ventajas de Ecommerce y la globalizaci\u00f3n.<br><br>Adquiere lo que necesitas, sin importar en qu\u00e9 parte del mundo se encuentre<strong>, <\/strong>nosotros nos encargamos de que llegue a tus manos.<br><br><strong><mark style=\"background-color:rgba(0, 0, 0, 0);color:#f2672e\" class=\"has-inline-color\">No te preocupes por PAMA\u00b4s&nbsp;<\/mark><\/strong>(Procesos Administrativos en Materia Aduanera) o RRNA\u00b4s (Regulaciones y Restricciones No Arancelarias), nosotros nos encargamos de que tu mercanc\u00eda no quede retenida y el despacho aduanero sea m\u00e1s eficiente.<br><br><strong><mark style=\"background-color:rgba(0, 0, 0, 0);color:#f2672e\" class=\"has-inline-color\">\u00bfQuieres importar mercanc\u00eda y no tienes un agente?&nbsp;<\/mark><\/strong>No te preocupes nosotros nos encargamos, contamos con la colaboraci\u00f3n de los mejores agentes aduanales especializados para cada tipo de mercanc\u00eda.<br><br><mark style=\"background-color:rgba(0, 0, 0, 0);color:#f2672e\" class=\"has-inline-color\"><strong>\u00bfNecesitas legalizar una maquinaria o simplemente importar un auto?&nbsp;<\/strong><br><br><strong>\u00a1\u00a1NOSOTROS NOS ENCARGAMOS!!<\/strong><\/mark><\/p>\n\n\n\n<hr class=\"wp-block-separator has-text-color has-alpha-channel-opacity has-background is-style-wide\" style=\"margin-top:var(--wp--preset--spacing--30);margin-bottom:var(--wp--preset--spacing--30);background-color:#ffd000;color:#ffd000\"\/>\n\n\n\n<div class=\"wp-block-columns alignwide are-vertically-aligned-top is-layout-flex wp-container-core-columns-is-layout-28f84493 wp-block-columns-is-layout-flex\">\n<div class=\"wp-block-column is-vertically-aligned-top is-layout-flow wp-block-column-is-layout-flow\">\n<figure class=\"wp-block-image aligncenter size-large is-resized is-style-rounded is-style-rounded--2\"><img loading=\"lazy\" decoding=\"async\" width=\"1024\" height=\"768\" src=\"http:\/\/maycohsa.com\/wp-content\/uploads\/2025\/02\/contenedores-transporte-terrestre-1200x900-2-1024x768.webp\" alt=\"\" class=\"wp-image-22\" style=\"width:536px;height:auto\" srcset=\"http:\/\/maycohsa.com\/wp-content\/uploads\/2025\/02\/contenedores-transporte-terrestre-1200x900-2-1024x768.webp 1024w, http:\/\/maycohsa.com\/wp-content\/uploads\/2025\/02\/contenedores-transporte-terrestre-1200x900-2-300x225.webp 300w, http:\/\/maycohsa.com\/wp-content\/uploads\/2025\/02\/contenedores-transporte-terrestre-1200x900-2-768x576.webp 768w, http:\/\/maycohsa.com\/wp-content\/uploads\/2025\/02\/contenedores-transporte-terrestre-1200x900-2.webp 1200w\" sizes=\"auto, (max-width: 1024px) 100vw, 1024px\" \/><\/figure>\n\n\n\n<h2 class=\"wp-block-heading has-text-align-center has-text-color has-link-color has-system-sans-serif-font-family wp-elements-a61a81405df8883a9957e7fbdf6f4d62\" style=\"color:#f2672e;padding-top:var(--wp--preset--spacing--30);padding-bottom:var(--wp--preset--spacing--30)\"><strong>Aliados en log\u00edstica:<\/strong><\/h2>\n\n\n\n<p class=\"has-text-align-center has-system-sans-serif-font-family\">Contamos con los mejores aliados comerciales en log\u00edstica, para que tu mercanc\u00eda sen encuentre segura y llegue sin contratiempo.<br>Tenemos a los mejores en cada engrane de la cadena de suministro.&nbsp;<\/p>\n<\/div>\n<\/div>\n\n\n\n<hr class=\"wp-block-separator has-text-color has-alpha-channel-opacity has-background is-style-wide\" style=\"margin-top:var(--wp--preset--spacing--30);margin-bottom:var(--wp--preset--spacing--30);background-color:#ffd000;color:#ffd000\"\/>\n\n\n\n<div class=\"wp-block-columns alignwide is-layout-flex wp-container-core-columns-is-layout-1da03c2a wp-block-columns-is-layout-flex\">\n<div class=\"wp-block-column has-border-color has-text-color has-link-color wp-elements-15fe4909c6a5759c880e1129b8484b3e is-layout-flow wp-block-column-is-layout-flow\" style=\"border-color:#f2672e;border-width:10px;color:#fecf84;padding-top:var(--wp--preset--spacing--10);padding-right:var(--wp--preset--spacing--10);padding-bottom:var(--wp--preset--spacing--10);padding-left:var(--wp--preset--spacing--10);flex-basis:33.34%\">\n<figure class=\"wp-block-image aligncenter size-full is-style-rounded is-style-rounded--3\"><img loading=\"lazy\" decoding=\"async\" width=\"814\" height=\"407\" src=\"http:\/\/maycohsa.com\/wp-content\/uploads\/2025\/03\/crw_814h_407-1.webp\" alt=\"\" class=\"wp-image-141\" style=\"aspect-ratio:4\/3;object-fit:cover\" srcset=\"http:\/\/maycohsa.com\/wp-content\/uploads\/2025\/03\/crw_814h_407-1.webp 814w, http:\/\/maycohsa.com\/wp-content\/uploads\/2025\/03\/crw_814h_407-1-300x150.webp 300w, http:\/\/maycohsa.com\/wp-content\/uploads\/2025\/03\/crw_814h_407-1-768x384.webp 768w\" sizes=\"auto, (max-width: 814px) 100vw, 814px\" \/><\/figure>\n\n\n\n<h4 class=\"wp-block-heading has-text-align-center has-text-color has-link-color has-system-sans-serif-font-family wp-elements-20ea4f65a3ffd4b32e02ce3b0881503e\" style=\"color:#f2672e;padding-top:var(--wp--preset--spacing--30);padding-bottom:var(--wp--preset--spacing--30)\"><strong>Servicios de importaci\u00f3n de mercanc\u00eda en general<\/strong><\/h4>\n\n\n\n<p class=\"has-text-align-center has-system-sans-serif-font-family\" style=\"font-style:normal;font-weight:400\"><strong>\u00bfNecesitas importar alg\u00fan art\u00edculo personal?, \u00bfesa laptop que no est\u00e1 disponible en tu localidad?, \u00bflos zapatos que tanto quieres?<\/strong><br><br>Nosotros te ayudamos, contamos con las tarifas m\u00e1s eficientes del mercado, solo necesitas comprar en tu tienda favorita y poner nuestra direcci\u00f3n, una vez que llegue a nuestra bodega nosotros nos encargamos de mandar a tu domicilio, no te preocupes por aduana o papeleo, nosotros hacemos la tarea por ti.<\/p>\n<\/div>\n\n\n\n<div class=\"wp-block-column has-border-color has-text-color has-link-color wp-elements-38b3e70e84728c83188ba3d9343c9f29 is-layout-flow wp-block-column-is-layout-flow\" style=\"border-color:#f2672e;border-width:10px;color:#fecf84;padding-top:var(--wp--preset--spacing--10);padding-right:var(--wp--preset--spacing--10);padding-bottom:var(--wp--preset--spacing--10);padding-left:var(--wp--preset--spacing--10);flex-basis:33.34%\">\n<figure class=\"wp-block-image aligncenter size-full is-style-rounded is-style-rounded--4\"><img loading=\"lazy\" decoding=\"async\" width=\"2560\" height=\"1438\" src=\"http:\/\/maycohsa.com\/wp-content\/uploads\/2025\/02\/Contenedores-en-puerto-3-1-1-scaled.jpg\" alt=\"\" class=\"wp-image-18\" style=\"aspect-ratio:4\/3;object-fit:cover\" srcset=\"http:\/\/maycohsa.com\/wp-content\/uploads\/2025\/02\/Contenedores-en-puerto-3-1-1-scaled.jpg 2560w, http:\/\/maycohsa.com\/wp-content\/uploads\/2025\/02\/Contenedores-en-puerto-3-1-1-300x169.jpg 300w, http:\/\/maycohsa.com\/wp-content\/uploads\/2025\/02\/Contenedores-en-puerto-3-1-1-1024x575.jpg 1024w, http:\/\/maycohsa.com\/wp-content\/uploads\/2025\/02\/Contenedores-en-puerto-3-1-1-768x432.jpg 768w, http:\/\/maycohsa.com\/wp-content\/uploads\/2025\/02\/Contenedores-en-puerto-3-1-1-1536x863.jpg 1536w, http:\/\/maycohsa.com\/wp-content\/uploads\/2025\/02\/Contenedores-en-puerto-3-1-1-2048x1151.jpg 2048w\" sizes=\"auto, (max-width: 2560px) 100vw, 2560px\" \/><\/figure>\n\n\n\n<h4 class=\"wp-block-heading has-text-align-center has-text-color has-link-color has-system-sans-serif-font-family wp-elements-2f501ac61010f663cf85cebe4b11cc72\" style=\"color:#f2672e;padding-top:var(--wp--preset--spacing--30);padding-bottom:var(--wp--preset--spacing--30)\"><strong>Importaci\u00f3n para PYME o Comercio<\/strong><\/h4>\n\n\n\n<p class=\"has-text-align-center has-system-sans-serif-font-family\" style=\"font-style:normal;font-weight:400\">T\u00fa ded\u00edcate a tu negocio, nosotros nos encargamos de la cadena de suministro, log\u00edstica, importaci\u00f3n, etiquetado, etc. Somos una pieza fundamental en diferentes empresas, te ayudamos a que tus materias primas, insumos o inventario se desplacen de manera eficiente, evit\u00e1ndote problemas de aduana o de log\u00edstica. &nbsp;Nos respaldan una gran cantidad de clientes.<\/p>\n<\/div>\n\n\n\n<div class=\"wp-block-column has-border-color has-text-color has-link-color wp-elements-9c51af1ec49bd9271e23347e5b9ea93f is-layout-flow wp-block-column-is-layout-flow\" style=\"border-color:#f2672e;border-width:10px;color:#fecf84;padding-top:var(--wp--preset--spacing--10);padding-right:var(--wp--preset--spacing--10);padding-bottom:var(--wp--preset--spacing--10);padding-left:var(--wp--preset--spacing--10);flex-basis:33.34%\">\n<figure class=\"wp-block-image aligncenter size-full is-style-rounded is-style-rounded--5\"><img loading=\"lazy\" decoding=\"async\" width=\"814\" height=\"407\" src=\"http:\/\/maycohsa.com\/wp-content\/uploads\/2025\/03\/crw_814h_407.webp\" alt=\"\" class=\"wp-image-142\" style=\"aspect-ratio:4\/3;object-fit:cover\" srcset=\"http:\/\/maycohsa.com\/wp-content\/uploads\/2025\/03\/crw_814h_407.webp 814w, http:\/\/maycohsa.com\/wp-content\/uploads\/2025\/03\/crw_814h_407-300x150.webp 300w, http:\/\/maycohsa.com\/wp-content\/uploads\/2025\/03\/crw_814h_407-768x384.webp 768w\" sizes=\"auto, (max-width: 814px) 100vw, 814px\" \/><\/figure>\n\n\n\n<h4 class=\"wp-block-heading has-text-align-center has-text-color has-link-color has-system-sans-serif-font-family wp-elements-221f9fee4f387ec33ff1170323896366\" style=\"color:#f2672e;padding-top:var(--wp--preset--spacing--30);padding-bottom:var(--wp--preset--spacing--30)\"><strong>\u00bfNecesitas legalizar, importar una maquinaria o alg\u00fan auto?<\/strong><\/h4>\n\n\n\n<p class=\"has-text-align-center has-system-sans-serif-font-family\" style=\"font-style:normal;font-weight:400\">Con gran experiencia en el mercado, nosotros tenemos las mejores cuotas, te podemos importar desde ese auto cl\u00e1sico que tanto te gusta, o esa maquinaria que necesitas para que tu negocio no pare.<br><br>\u00bfSab\u00edas qu\u00e9 puedes importar desde equipo industrial, herramientas, refacciones, autos, motocicletas o lo que a ti se te ocurra, para ti o tu negocio?<br><br>\u00bfSab\u00edas que en Estados Unidos hay excelentes oportunidades en subasta?<\/p>\n<\/div>\n<\/div>\n\n\n\n<hr class=\"wp-block-separator has-text-color has-alpha-channel-opacity has-background is-style-wide\" style=\"margin-top:var(--wp--preset--spacing--30);margin-bottom:var(--wp--preset--spacing--30);background-color:#ffd000;color:#ffd000\"\/>\n\n\n\n<h2 class=\"wp-block-heading has-text-align-center has-text-color has-link-color has-system-sans-serif-font-family wp-elements-896e41fe45e91bc3530157ae148635d6\" style=\"color:#f2672e;padding-top:var(--wp--preset--spacing--30);padding-bottom:var(--wp--preset--spacing--30)\"><strong>Env\u00edos a M\u00e9xico desde cualquier parte del mundo.<\/strong><br><br>\u00bfNecesitas mandar mercanc\u00eda M\u00e9xico y no tienes idea?<\/h2>\n\n\n\n<p class=\"has-text-align-center has-system-sans-serif-font-family\">Si te encuentras en Estados Unidos o cualquier parte del mundo y necesitas mandar mercanc\u00eda a M\u00e9xico, nosotros nos encargamos, ev\u00edtate problemas de aduanas o que tu mercanc\u00eda quede decomisada. <br><br>Nosotros te ayudamos a mandar tu mercanc\u00eda a cualquier parte de M\u00e9xico en menos de 10 d\u00edas. <br><br>Llegamos a cualquier parte del pa\u00eds.&nbsp;Contamos con bodega en Laredo Tx, Los \u00c1ngeles, Houston y en algunas otras partes de la Uni\u00f3n Americana. Cont\u00e1ctanos y s\u00e9 un cliente satisfecho m\u00e1s.<\/p>\n<\/div>\n<\/div>\n\n\n\n<p><\/p>\n","protected":false},"excerpt":{"rendered":"<p>Qui\u00e9nes somos: Somos una empresa americana debidamente constituida que ofrece servicios integrales de log\u00edstica, con amplio conocimiento del mercado. Contamos con comercializadoras mexicanas, que nos permiten mover todo tipo de mercanc\u00eda de puerta a puerta.No arriesgues tu tiempo ni tu dinero y deja que lo hagan los expertos. Qu\u00e9 hacemos: Ofrecemos soluciones integrales de log\u00edstica, [&hellip;]<\/p>\n","protected":false},"author":1,"featured_media":0,"parent":0,"menu_order":0,"comment_status":"closed","ping_status":"closed","template":"custompaginascontenido","meta":{"footnotes":""},"class_list":["post-13","page","type-page","status-publish","hentry"],"_links":{"self":[{"href":"http:\/\/maycohsa.com\/index.php?rest_route=\/wp\/v2\/pages\/13","targetHints":{"allow":["GET"]}}],"collection":[{"href":"http:\/\/maycohsa.com\/index.php?rest_route=\/wp\/v2\/pages"}],"about":[{"href":"http:\/\/maycohsa.com\/index.php?rest_route=\/wp\/v2\/types\/page"}],"author":[{"embeddable":true,"href":"http:\/\/maycohsa.com\/index.php?rest_route=\/wp\/v2\/users\/1"}],"replies":[{"embeddable":true,"href":"http:\/\/maycohsa.com\/index.php?rest_route=%2Fwp%2Fv2%2Fcomments&post=13"}],"version-history":[{"count":5,"href":"http:\/\/maycohsa.com\/index.php?rest_route=\/wp\/v2\/pages\/13\/revisions"}],"predecessor-version":[{"id":230,"href":"http:\/\/maycohsa.com\/index.php?rest_route=\/wp\/v2\/pages\/13\/revisions\/230"}],"wp:attachment":[{"href":"http:\/\/maycohsa.com\/index.php?rest_route=%2Fwp%2Fv2%2Fmedia&parent=13"}],"curies":[{"name":"wp","href":"https:\/\/api.w.org\/{rel}","templated":true}]}}