{"id":139,"date":"2025-03-11T18:29:14","date_gmt":"2025-03-11T18:29:14","guid":{"rendered":"http:\/\/maycohsa.com\/?page_id=139"},"modified":"2025-05-26T17:25:04","modified_gmt":"2025-05-26T17:25:04","slug":"imprenta","status":"publish","type":"page","link":"http:\/\/maycohsa.com\/?page_id=139","title":{"rendered":"Imprenta"},"content":{"rendered":"\n<div class=\"wp-block-group is-vertical is-content-justification-stretch is-layout-flex wp-container-core-group-is-layout-353c4f5a wp-block-group-is-layout-flex\">\n<div class=\"wp-block-group has-background has-global-padding is-layout-constrained wp-block-group-is-layout-constrained\" style=\"background-color:#000000\">\n<div style=\"height:50px\" aria-hidden=\"true\" class=\"wp-block-spacer\"><\/div>\n\n\n<h1 style=\"color:#f2672e; font-style:normal;font-weight:700;\" class=\"has-text-align-center has-link-color wp-elements-d231715221cc74bc8e10e40c07e71649 wp-block-post-title has-text-color has-xx-large-font-size has-system-sans-serif-font-family\">Imprenta<\/h1><\/div>\n\n\n\n<div class=\"wp-block-group has-global-padding is-layout-constrained wp-container-core-group-is-layout-f611be13 wp-block-group-is-layout-constrained\" style=\"min-height:1000px;padding-top:var(--wp--preset--spacing--50);padding-right:var(--wp--preset--spacing--50);padding-bottom:var(--wp--preset--spacing--50);padding-left:var(--wp--preset--spacing--50)\">\n<hr class=\"wp-block-separator has-text-color has-alpha-channel-opacity has-background is-style-wide\" style=\"margin-top:var(--wp--preset--spacing--20);margin-bottom:var(--wp--preset--spacing--20);background-color:#ffd000;color:#ffd000\"\/>\n\n\n\n<div class=\"wp-block-columns alignwide is-layout-flex wp-container-core-columns-is-layout-28f84493 wp-block-columns-is-layout-flex\">\n<div class=\"wp-block-column has-text-color has-link-color wp-elements-b3f8f6c4442411a61afc0e4038a7655c is-layout-flow wp-block-column-is-layout-flow\" style=\"border-style:none;border-width:0px;color:#fecf84;padding-top:var(--wp--preset--spacing--10);padding-right:var(--wp--preset--spacing--10);padding-bottom:var(--wp--preset--spacing--10);padding-left:var(--wp--preset--spacing--10);flex-basis:40%\">\n<div class=\"wp-block-group has-border-color has-global-padding is-layout-constrained wp-container-core-group-is-layout-86dba5ee wp-block-group-is-layout-constrained\" style=\"border-color:#f2672e;border-width:10px;padding-top:var(--wp--preset--spacing--10);padding-right:var(--wp--preset--spacing--10);padding-bottom:var(--wp--preset--spacing--10);padding-left:var(--wp--preset--spacing--10)\">\n<h2 class=\"wp-block-heading has-text-align-center has-text-color has-link-color has-system-sans-serif-font-family wp-elements-c3649b92bd6abf1f8534a09d1c705d98\" style=\"color:#f2672e;font-style:normal;font-weight:700\">Nuestros Productos<\/h2>\n\n\n\n<p class=\"has-text-align-center\"><br>\u00a1Ponemos a tu disposici\u00f3n nuestros servicios para poder hacer los productos de tu preferencia!<\/p>\n\n\n\n<ul class=\"wp-block-list has-medium-font-size\">\n<li style=\"margin-top:var(--wp--preset--spacing--10);margin-right:var(--wp--preset--spacing--10);margin-bottom:var(--wp--preset--spacing--10);margin-left:var(--wp--preset--spacing--10)\">Tr\u00edpticos<\/li>\n\n\n\n<li style=\"margin-top:var(--wp--preset--spacing--10);margin-right:var(--wp--preset--spacing--10);margin-bottom:var(--wp--preset--spacing--10);margin-left:var(--wp--preset--spacing--10)\">Folletos<\/li>\n\n\n\n<li style=\"margin-top:var(--wp--preset--spacing--10);margin-right:var(--wp--preset--spacing--10);margin-bottom:var(--wp--preset--spacing--10);margin-left:var(--wp--preset--spacing--10)\">Notas<\/li>\n\n\n\n<li style=\"margin-top:var(--wp--preset--spacing--10);margin-right:var(--wp--preset--spacing--10);margin-bottom:var(--wp--preset--spacing--10);margin-left:var(--wp--preset--spacing--10)\">Carpetas<\/li>\n\n\n\n<li style=\"margin-top:var(--wp--preset--spacing--10);margin-right:var(--wp--preset--spacing--10);margin-bottom:var(--wp--preset--spacing--10);margin-left:var(--wp--preset--spacing--10)\">Sellos<\/li>\n\n\n\n<li style=\"margin-top:var(--wp--preset--spacing--10);margin-right:var(--wp--preset--spacing--10);margin-bottom:var(--wp--preset--spacing--10);margin-left:var(--wp--preset--spacing--10)\">Playeras<\/li>\n\n\n\n<li style=\"margin-top:var(--wp--preset--spacing--10);margin-right:var(--wp--preset--spacing--10);margin-bottom:var(--wp--preset--spacing--10);margin-left:var(--wp--preset--spacing--10)\">Gorras<\/li>\n\n\n\n<li style=\"margin-top:var(--wp--preset--spacing--10);margin-right:var(--wp--preset--spacing--10);margin-bottom:var(--wp--preset--spacing--10);margin-left:var(--wp--preset--spacing--10)\">Tazas en sublimaci\u00f3n y Serigraf\u00eda<\/li>\n\n\n\n<li style=\"margin-top:var(--wp--preset--spacing--10);margin-right:var(--wp--preset--spacing--10);margin-bottom:var(--wp--preset--spacing--10);margin-left:var(--wp--preset--spacing--10)\">Impresiones de lona y vinil<\/li>\n\n\n\n<li style=\"margin-top:var(--wp--preset--spacing--10);margin-right:var(--wp--preset--spacing--10);margin-bottom:var(--wp--preset--spacing--10);margin-left:var(--wp--preset--spacing--10)\">Corte de Vinil y sublimaci\u00f3n<\/li>\n\n\n\n<li style=\"margin-top:var(--wp--preset--spacing--10);margin-right:var(--wp--preset--spacing--10);margin-bottom:var(--wp--preset--spacing--10);margin-left:var(--wp--preset--spacing--10)\">Impresiones de libros y revistas<\/li>\n<\/ul>\n<\/div>\n<\/div>\n\n\n\n<div class=\"wp-block-column is-layout-flow wp-block-column-is-layout-flow\" style=\"flex-basis:60%\">\n<div class=\"wp-block-group has-border-color has-global-padding is-layout-constrained wp-container-core-group-is-layout-86dba5ee wp-block-group-is-layout-constrained\" style=\"border-color:#f2672e;border-width:10px;padding-top:var(--wp--preset--spacing--10);padding-right:var(--wp--preset--spacing--10);padding-bottom:var(--wp--preset--spacing--10);padding-left:var(--wp--preset--spacing--10)\">\n<h2 class=\"wp-block-heading has-text-align-center has-text-color has-link-color has-system-sans-serif-font-family wp-elements-3c898141c3e1d9402d95537d32b52b24\" style=\"color:#f2672e;font-style:normal;font-weight:700\">Tus ideas, tu espacio<\/h2>\n\n\n\n<p class=\"has-text-align-center has-medium-font-size\"><br>Te ofrecemos distintos tipos de productos y soluciones de imprenta para tu negocio o marca, cont\u00e1ctanos para generar la cotizaci\u00f3n de tu producto.<\/p>\n<\/div>\n\n\n\n<figure class=\"wp-block-image size-full\"><img loading=\"lazy\" decoding=\"async\" width=\"1024\" height=\"682\" src=\"http:\/\/maycohsa.com\/wp-content\/uploads\/2025\/05\/1523219976924-1.webp\" alt=\"\" class=\"wp-image-210\" srcset=\"http:\/\/maycohsa.com\/wp-content\/uploads\/2025\/05\/1523219976924-1.webp 1024w, http:\/\/maycohsa.com\/wp-content\/uploads\/2025\/05\/1523219976924-1-300x200.webp 300w, http:\/\/maycohsa.com\/wp-content\/uploads\/2025\/05\/1523219976924-1-768x512.webp 768w\" sizes=\"auto, (max-width: 1024px) 100vw, 1024px\" \/><\/figure>\n<\/div>\n<\/div>\n\n\n\n<hr class=\"wp-block-separator has-text-color has-alpha-channel-opacity has-background is-style-wide\" style=\"margin-top:var(--wp--preset--spacing--30);margin-bottom:var(--wp--preset--spacing--30);background-color:#ffd000;color:#ffd000\"\/>\n\n\n\n<div class=\"wp-block-columns alignwide is-layout-flex wp-container-core-columns-is-layout-28f84493 wp-block-columns-is-layout-flex\">\n<div class=\"wp-block-column is-vertically-aligned-center is-layout-flow wp-block-column-is-layout-flow\" style=\"flex-basis:66.66%\">\n<h2 class=\"wp-block-heading has-text-align-center has-text-color has-link-color has-system-sans-serif-font-family wp-elements-c3e7430d7148a616b3593cdc699c9774\" style=\"color:#f2672e;font-style:normal;font-weight:700\">Dise\u00f1os para tu evento<\/h2>\n\n\n\n<p class=\"has-text-align-center has-text-color has-link-color wp-elements-dbedbe5ef4fa15581818501d4267e5a4\" style=\"color:#fecf84\">Los mejores dise\u00f1os para tu gran evento.<br><br>Te ofrecemos un mundo de posibilidades para hacer de tu evento algo fabulosos<\/p>\n\n\n\n<figure class=\"wp-block-gallery has-nested-images columns-default is-cropped wp-block-gallery-1 is-layout-flex wp-block-gallery-is-layout-flex\">\n<figure class=\"wp-block-image size-full\"><img loading=\"lazy\" decoding=\"async\" width=\"454\" height=\"508\" data-id=\"114\" src=\"http:\/\/maycohsa.com\/wp-content\/uploads\/2025\/03\/36836412_2235811623101691_8870066867444645888_n.jpg\" alt=\"\" class=\"wp-image-114\" srcset=\"http:\/\/maycohsa.com\/wp-content\/uploads\/2025\/03\/36836412_2235811623101691_8870066867444645888_n.jpg 454w, http:\/\/maycohsa.com\/wp-content\/uploads\/2025\/03\/36836412_2235811623101691_8870066867444645888_n-268x300.jpg 268w\" sizes=\"auto, (max-width: 454px) 100vw, 454px\" \/><\/figure>\n\n\n\n<figure class=\"wp-block-image size-full\"><img loading=\"lazy\" decoding=\"async\" width=\"1520\" height=\"2040\" data-id=\"116\" src=\"http:\/\/maycohsa.com\/wp-content\/uploads\/2025\/03\/53682532_2647436138605902_4099230685540122624_n.jpg\" alt=\"\" class=\"wp-image-116\" srcset=\"http:\/\/maycohsa.com\/wp-content\/uploads\/2025\/03\/53682532_2647436138605902_4099230685540122624_n.jpg 1520w, http:\/\/maycohsa.com\/wp-content\/uploads\/2025\/03\/53682532_2647436138605902_4099230685540122624_n-224x300.jpg 224w, http:\/\/maycohsa.com\/wp-content\/uploads\/2025\/03\/53682532_2647436138605902_4099230685540122624_n-763x1024.jpg 763w, http:\/\/maycohsa.com\/wp-content\/uploads\/2025\/03\/53682532_2647436138605902_4099230685540122624_n-768x1031.jpg 768w, http:\/\/maycohsa.com\/wp-content\/uploads\/2025\/03\/53682532_2647436138605902_4099230685540122624_n-1144x1536.jpg 1144w\" sizes=\"auto, (max-width: 1520px) 100vw, 1520px\" \/><\/figure>\n\n\n\n<figure class=\"wp-block-image size-full\"><img loading=\"lazy\" decoding=\"async\" width=\"2040\" height=\"1530\" data-id=\"151\" src=\"http:\/\/maycohsa.com\/wp-content\/uploads\/2025\/03\/54277742_2647362505279932_3820227346544197632_n.jpg\" alt=\"\" class=\"wp-image-151\" srcset=\"http:\/\/maycohsa.com\/wp-content\/uploads\/2025\/03\/54277742_2647362505279932_3820227346544197632_n.jpg 2040w, http:\/\/maycohsa.com\/wp-content\/uploads\/2025\/03\/54277742_2647362505279932_3820227346544197632_n-300x225.jpg 300w, http:\/\/maycohsa.com\/wp-content\/uploads\/2025\/03\/54277742_2647362505279932_3820227346544197632_n-1024x768.jpg 1024w, http:\/\/maycohsa.com\/wp-content\/uploads\/2025\/03\/54277742_2647362505279932_3820227346544197632_n-768x576.jpg 768w, http:\/\/maycohsa.com\/wp-content\/uploads\/2025\/03\/54277742_2647362505279932_3820227346544197632_n-1536x1152.jpg 1536w\" sizes=\"auto, (max-width: 2040px) 100vw, 2040px\" \/><\/figure>\n<\/figure>\n<\/div>\n\n\n\n<div class=\"wp-block-column has-border-color has-text-color has-link-color wp-elements-8a3d6224f4663fc0236a437fe0aeaa79 is-layout-flow wp-block-column-is-layout-flow\" style=\"border-color:#f2672e;border-width:10px;color:#fecf84;padding-top:var(--wp--preset--spacing--10);padding-right:var(--wp--preset--spacing--10);padding-bottom:var(--wp--preset--spacing--10);padding-left:var(--wp--preset--spacing--10);flex-basis:33.33%\">\n<h2 class=\"wp-block-heading has-text-align-center has-text-color has-link-color has-system-sans-serif-font-family wp-elements-cc52d15cada4f278d54922a67fb34d03\" style=\"color:#f2672e;font-style:normal;font-weight:700\">Campa\u00f1as publicitarias<\/h2>\n\n\n\n<p class=\"has-text-align-center\">En Impresos Mayram realizamos tu campa\u00f1a publicitaria. \u00a1Cont\u00e1ctanos!<\/p>\n\n\n\n<figure class=\"wp-block-image aligncenter size-full\"><img loading=\"lazy\" decoding=\"async\" width=\"1000\" height=\"667\" src=\"http:\/\/maycohsa.com\/wp-content\/uploads\/2025\/05\/serigrafia-playera.jpg\" alt=\"\" class=\"wp-image-208\" srcset=\"http:\/\/maycohsa.com\/wp-content\/uploads\/2025\/05\/serigrafia-playera.jpg 1000w, http:\/\/maycohsa.com\/wp-content\/uploads\/2025\/05\/serigrafia-playera-300x200.jpg 300w, http:\/\/maycohsa.com\/wp-content\/uploads\/2025\/05\/serigrafia-playera-768x512.jpg 768w\" sizes=\"auto, (max-width: 1000px) 100vw, 1000px\" \/><\/figure>\n<\/div>\n<\/div>\n\n\n\n<hr class=\"wp-block-separator has-text-color has-alpha-channel-opacity has-background is-style-wide\" style=\"margin-top:var(--wp--preset--spacing--20);margin-bottom:var(--wp--preset--spacing--20);background-color:#ffd000;color:#ffd000\"\/>\n\n\n\n<figure class=\"wp-block-image size-full\"><img loading=\"lazy\" decoding=\"async\" width=\"995\" height=\"500\" src=\"http:\/\/maycohsa.com\/wp-content\/uploads\/2025\/05\/comisatas-2-1.gif\" alt=\"\" class=\"wp-image-223\"\/><\/figure>\n<\/div>\n<\/div>\n","protected":false},"excerpt":{"rendered":"<p>Nuestros Productos \u00a1Ponemos a tu disposici\u00f3n nuestros servicios para poder hacer los productos de tu preferencia! Tus ideas, tu espacio Te ofrecemos distintos tipos de productos y soluciones de imprenta para tu negocio o marca, cont\u00e1ctanos para generar la cotizaci\u00f3n de tu producto. Dise\u00f1os para tu evento Los mejores dise\u00f1os para tu gran evento. Te [&hellip;]<\/p>\n","protected":false},"author":1,"featured_media":0,"parent":0,"menu_order":0,"comment_status":"closed","ping_status":"closed","template":"custompaginascontenido","meta":{"footnotes":""},"class_list":["post-139","page","type-page","status-publish","hentry"],"_links":{"self":[{"href":"http:\/\/maycohsa.com\/index.php?rest_route=\/wp\/v2\/pages\/139","targetHints":{"allow":["GET"]}}],"collection":[{"href":"http:\/\/maycohsa.com\/index.php?rest_route=\/wp\/v2\/pages"}],"about":[{"href":"http:\/\/maycohsa.com\/index.php?rest_route=\/wp\/v2\/types\/page"}],"author":[{"embeddable":true,"href":"http:\/\/maycohsa.com\/index.php?rest_route=\/wp\/v2\/users\/1"}],"replies":[{"embeddable":true,"href":"http:\/\/maycohsa.com\/index.php?rest_route=%2Fwp%2Fv2%2Fcomments&post=139"}],"version-history":[{"count":5,"href":"http:\/\/maycohsa.com\/index.php?rest_route=\/wp\/v2\/pages\/139\/revisions"}],"predecessor-version":[{"id":224,"href":"http:\/\/maycohsa.com\/index.php?rest_route=\/wp\/v2\/pages\/139\/revisions\/224"}],"wp:attachment":[{"href":"http:\/\/maycohsa.com\/index.php?rest_route=%2Fwp%2Fv2%2Fmedia&parent=139"}],"curies":[{"name":"wp","href":"https:\/\/api.w.org\/{rel}","templated":true}]}}