{"id":55,"date":"2025-03-03T04:58:28","date_gmt":"2025-03-03T04:58:28","guid":{"rendered":"http:\/\/maycohsa.com\/?page_id=55"},"modified":"2025-05-26T16:03:43","modified_gmt":"2025-05-26T16:03:43","slug":"eventos","status":"publish","type":"page","link":"http:\/\/maycohsa.com\/?page_id=55","title":{"rendered":"Eventos"},"content":{"rendered":"\n<div class=\"wp-block-group is-vertical is-content-justification-stretch is-layout-flex wp-container-core-group-is-layout-353c4f5a wp-block-group-is-layout-flex\">\n<div class=\"wp-block-group has-background has-global-padding is-layout-constrained wp-block-group-is-layout-constrained\" style=\"background-color:#000000\">\n<div style=\"height:50px\" aria-hidden=\"true\" class=\"wp-block-spacer\"><\/div>\n\n\n<h1 style=\"color:#f2672e; font-style:normal;font-weight:700;\" class=\"has-text-align-center has-link-color wp-elements-d231715221cc74bc8e10e40c07e71649 wp-block-post-title has-text-color has-xx-large-font-size has-system-sans-serif-font-family\">Eventos<\/h1><\/div>\n\n\n\n<div class=\"wp-block-group has-global-padding is-layout-constrained wp-container-core-group-is-layout-f611be13 wp-block-group-is-layout-constrained\" style=\"min-height:1000px;padding-top:var(--wp--preset--spacing--50);padding-right:var(--wp--preset--spacing--50);padding-bottom:var(--wp--preset--spacing--50);padding-left:var(--wp--preset--spacing--50)\">\n<hr class=\"wp-block-separator has-text-color has-alpha-channel-opacity has-background is-style-wide\" style=\"margin-top:var(--wp--preset--spacing--20);margin-bottom:var(--wp--preset--spacing--20);background-color:#ffd000;color:#ffd000\"\/>\n\n\n\n<div class=\"wp-block-columns alignwide is-layout-flex wp-container-core-columns-is-layout-28f84493 wp-block-columns-is-layout-flex\">\n<div class=\"wp-block-column has-text-color has-link-color wp-elements-8bf41521e59edb410b420f468932217b is-layout-flow wp-block-column-is-layout-flow\" style=\"border-style:none;border-width:0px;color:#fecf84;padding-top:var(--wp--preset--spacing--10);padding-right:var(--wp--preset--spacing--10);padding-bottom:var(--wp--preset--spacing--10);padding-left:var(--wp--preset--spacing--10);flex-basis:33.33%\">\n<div class=\"wp-block-group is-vertical is-layout-flex wp-container-core-group-is-layout-fe9cc265 wp-block-group-is-layout-flex\">\n<div class=\"wp-block-group has-border-color has-global-padding is-layout-constrained wp-container-core-group-is-layout-86dba5ee wp-block-group-is-layout-constrained\" style=\"border-color:#f2672e;border-width:10px;padding-top:var(--wp--preset--spacing--10);padding-right:var(--wp--preset--spacing--10);padding-bottom:var(--wp--preset--spacing--10);padding-left:var(--wp--preset--spacing--10)\">\n<h2 class=\"wp-block-heading has-text-align-center has-text-color has-link-color has-system-sans-serif-font-family wp-elements-3c898141c3e1d9402d95537d32b52b24\" style=\"color:#f2672e;font-style:normal;font-weight:700\">Tus ideas, tu espacio<\/h2>\n\n\n\n<p class=\"has-text-align-center\"><br>Hazlo inolvidable.<br><mark style=\"background-color:rgba(0, 0, 0, 0);color:#f2672e\" class=\"has-inline-color\"><strong>D\u00e9janos hacerlo realidad:<br><\/strong><\/mark><br>Deja que la magia de la iluminaci\u00f3n transforme tu evento en una experiencia inolvidable: Un escenario de ensue\u00f1o donde cada luz cuenta tu historia. Creamos atm\u00f3sferas con luz, color y dise\u00f1o.<\/p>\n<\/div>\n\n\n\n<div class=\"wp-block-group has-border-color has-global-padding is-layout-constrained wp-container-core-group-is-layout-86dba5ee wp-block-group-is-layout-constrained\" style=\"border-color:#f2672e;border-width:10px;padding-top:var(--wp--preset--spacing--10);padding-right:var(--wp--preset--spacing--10);padding-bottom:var(--wp--preset--spacing--10);padding-left:var(--wp--preset--spacing--10)\">\n<h2 class=\"wp-block-heading has-text-align-center has-text-color has-link-color has-system-sans-serif-font-family wp-elements-e6af51bb013cf37bc62ba3952715b437\" style=\"color:#f2672e;font-style:normal;font-weight:700\">Decoraci\u00f3n<\/h2>\n\n\n\n<p class=\"has-text-align-center\">En un evento, la iluminaci\u00f3n juega un papel crucial en la creaci\u00f3n del ambiente perfecto para el gran d\u00eda.<br><br>La decoraci\u00f3n y la iluminaci\u00f3n lo son todo para crear un evento inolvidable.<\/p>\n<\/div>\n<\/div>\n<\/div>\n\n\n\n<div class=\"wp-block-column is-layout-flow wp-block-column-is-layout-flow\" style=\"flex-basis:66.66%\">\n<figure class=\"wp-block-gallery has-nested-images columns-default is-cropped wp-block-gallery-1 is-layout-flex wp-block-gallery-is-layout-flex\">\n<figure class=\"wp-block-image size-large\"><img loading=\"lazy\" decoding=\"async\" width=\"1024\" height=\"682\" data-id=\"119\" src=\"http:\/\/maycohsa.com\/wp-content\/uploads\/2025\/03\/Imagen-de-WhatsApp-2025-02-21-a-las-11.24.28_6b28e8ca-1024x682.jpg\" alt=\"\" class=\"wp-image-119\" srcset=\"http:\/\/maycohsa.com\/wp-content\/uploads\/2025\/03\/Imagen-de-WhatsApp-2025-02-21-a-las-11.24.28_6b28e8ca-1024x682.jpg 1024w, http:\/\/maycohsa.com\/wp-content\/uploads\/2025\/03\/Imagen-de-WhatsApp-2025-02-21-a-las-11.24.28_6b28e8ca-300x200.jpg 300w, http:\/\/maycohsa.com\/wp-content\/uploads\/2025\/03\/Imagen-de-WhatsApp-2025-02-21-a-las-11.24.28_6b28e8ca-768x512.jpg 768w, http:\/\/maycohsa.com\/wp-content\/uploads\/2025\/03\/Imagen-de-WhatsApp-2025-02-21-a-las-11.24.28_6b28e8ca.jpg 1280w\" sizes=\"auto, (max-width: 1024px) 100vw, 1024px\" \/><\/figure>\n\n\n\n<figure class=\"wp-block-image size-large\"><img loading=\"lazy\" decoding=\"async\" width=\"1024\" height=\"682\" data-id=\"120\" src=\"http:\/\/maycohsa.com\/wp-content\/uploads\/2025\/03\/Imagen-de-WhatsApp-2025-02-21-a-las-11.24.28_7da93d3e-1024x682.jpg\" alt=\"\" class=\"wp-image-120\" srcset=\"http:\/\/maycohsa.com\/wp-content\/uploads\/2025\/03\/Imagen-de-WhatsApp-2025-02-21-a-las-11.24.28_7da93d3e-1024x682.jpg 1024w, http:\/\/maycohsa.com\/wp-content\/uploads\/2025\/03\/Imagen-de-WhatsApp-2025-02-21-a-las-11.24.28_7da93d3e-300x200.jpg 300w, http:\/\/maycohsa.com\/wp-content\/uploads\/2025\/03\/Imagen-de-WhatsApp-2025-02-21-a-las-11.24.28_7da93d3e-768x512.jpg 768w, http:\/\/maycohsa.com\/wp-content\/uploads\/2025\/03\/Imagen-de-WhatsApp-2025-02-21-a-las-11.24.28_7da93d3e.jpg 1280w\" sizes=\"auto, (max-width: 1024px) 100vw, 1024px\" \/><\/figure>\n\n\n\n<figure class=\"wp-block-image size-large\"><img loading=\"lazy\" decoding=\"async\" width=\"682\" height=\"1024\" data-id=\"121\" src=\"http:\/\/maycohsa.com\/wp-content\/uploads\/2025\/03\/Imagen-de-WhatsApp-2025-02-21-a-las-11.24.28_7dafdfd5-682x1024.jpg\" alt=\"\" class=\"wp-image-121\" srcset=\"http:\/\/maycohsa.com\/wp-content\/uploads\/2025\/03\/Imagen-de-WhatsApp-2025-02-21-a-las-11.24.28_7dafdfd5-682x1024.jpg 682w, http:\/\/maycohsa.com\/wp-content\/uploads\/2025\/03\/Imagen-de-WhatsApp-2025-02-21-a-las-11.24.28_7dafdfd5-200x300.jpg 200w, http:\/\/maycohsa.com\/wp-content\/uploads\/2025\/03\/Imagen-de-WhatsApp-2025-02-21-a-las-11.24.28_7dafdfd5-768x1152.jpg 768w, http:\/\/maycohsa.com\/wp-content\/uploads\/2025\/03\/Imagen-de-WhatsApp-2025-02-21-a-las-11.24.28_7dafdfd5.jpg 853w\" sizes=\"auto, (max-width: 682px) 100vw, 682px\" \/><\/figure>\n\n\n\n<figure class=\"wp-block-image size-large\"><img loading=\"lazy\" decoding=\"async\" width=\"1024\" height=\"682\" data-id=\"122\" src=\"http:\/\/maycohsa.com\/wp-content\/uploads\/2025\/03\/Imagen-de-WhatsApp-2025-02-21-a-las-11.24.28_a98260b2-1024x682.jpg\" alt=\"\" class=\"wp-image-122\" srcset=\"http:\/\/maycohsa.com\/wp-content\/uploads\/2025\/03\/Imagen-de-WhatsApp-2025-02-21-a-las-11.24.28_a98260b2-1024x682.jpg 1024w, http:\/\/maycohsa.com\/wp-content\/uploads\/2025\/03\/Imagen-de-WhatsApp-2025-02-21-a-las-11.24.28_a98260b2-300x200.jpg 300w, http:\/\/maycohsa.com\/wp-content\/uploads\/2025\/03\/Imagen-de-WhatsApp-2025-02-21-a-las-11.24.28_a98260b2-768x512.jpg 768w, http:\/\/maycohsa.com\/wp-content\/uploads\/2025\/03\/Imagen-de-WhatsApp-2025-02-21-a-las-11.24.28_a98260b2.jpg 1280w\" sizes=\"auto, (max-width: 1024px) 100vw, 1024px\" \/><\/figure>\n<\/figure>\n<\/div>\n<\/div>\n\n\n\n<hr class=\"wp-block-separator has-text-color has-alpha-channel-opacity has-background is-style-wide\" style=\"margin-top:var(--wp--preset--spacing--30);margin-bottom:var(--wp--preset--spacing--30);background-color:#ffd000;color:#ffd000\"\/>\n\n\n\n<div class=\"wp-block-columns alignwide is-layout-flex wp-container-core-columns-is-layout-28f84493 wp-block-columns-is-layout-flex\">\n<div class=\"wp-block-column is-layout-flow wp-block-column-is-layout-flow\" style=\"flex-basis:66.66%\">\n<figure class=\"wp-block-image size-full\"><img loading=\"lazy\" decoding=\"async\" width=\"1080\" height=\"1080\" src=\"http:\/\/maycohsa.com\/wp-content\/uploads\/2025\/03\/eventos-5.jpg\" alt=\"\" class=\"wp-image-128\" srcset=\"http:\/\/maycohsa.com\/wp-content\/uploads\/2025\/03\/eventos-5.jpg 1080w, http:\/\/maycohsa.com\/wp-content\/uploads\/2025\/03\/eventos-5-300x300.jpg 300w, http:\/\/maycohsa.com\/wp-content\/uploads\/2025\/03\/eventos-5-1024x1024.jpg 1024w, http:\/\/maycohsa.com\/wp-content\/uploads\/2025\/03\/eventos-5-150x150.jpg 150w, http:\/\/maycohsa.com\/wp-content\/uploads\/2025\/03\/eventos-5-768x768.jpg 768w\" sizes=\"auto, (max-width: 1080px) 100vw, 1080px\" \/><\/figure>\n<\/div>\n\n\n\n<div class=\"wp-block-column has-border-color has-text-color has-link-color wp-elements-3557f42e2e78f6eecf70e5662ba891ea is-layout-flow wp-block-column-is-layout-flow\" style=\"border-color:#f2672e;border-width:10px;color:#fecf84;padding-top:var(--wp--preset--spacing--10);padding-right:var(--wp--preset--spacing--10);padding-bottom:var(--wp--preset--spacing--10);padding-left:var(--wp--preset--spacing--10);flex-basis:33.33%\">\n<h2 class=\"wp-block-heading has-text-align-center has-text-color has-link-color has-system-sans-serif-font-family wp-elements-9a293ee7ab1aaefc71c026a1ceb6e734\" style=\"color:#f2672e;font-style:normal;font-weight:700\">Iluminaci\u00f3n<\/h2>\n\n\n\n<p class=\"has-text-align-center\">\u00a0Un evento legendario comienza con la luz correcta, Ilumina e impacta. <\/p>\n\n\n\n<p class=\"has-text-align-center\">\u00a1Hagamos brillar tu historia con nuestros servicios! Cont\u00e1ctanos para preguntar por una cotizaci\u00f3n.<\/p>\n\n\n\n<figure class=\"wp-block-image size-large\"><img loading=\"lazy\" decoding=\"async\" width=\"841\" height=\"1024\" src=\"http:\/\/maycohsa.com\/wp-content\/uploads\/2025\/05\/eventos-4-mod-841x1024.jpg\" alt=\"\" class=\"wp-image-195\" srcset=\"http:\/\/maycohsa.com\/wp-content\/uploads\/2025\/05\/eventos-4-mod-841x1024.jpg 841w, http:\/\/maycohsa.com\/wp-content\/uploads\/2025\/05\/eventos-4-mod-246x300.jpg 246w, http:\/\/maycohsa.com\/wp-content\/uploads\/2025\/05\/eventos-4-mod-768x935.jpg 768w, http:\/\/maycohsa.com\/wp-content\/uploads\/2025\/05\/eventos-4-mod.jpg 887w\" sizes=\"auto, (max-width: 841px) 100vw, 841px\" \/><\/figure>\n<\/div>\n<\/div>\n\n\n\n<hr class=\"wp-block-separator has-text-color has-alpha-channel-opacity has-background is-style-wide\" style=\"margin-top:var(--wp--preset--spacing--20);margin-bottom:var(--wp--preset--spacing--20);background-color:#ffd000;color:#ffd000\"\/>\n\n\n\n<h2 class=\"wp-block-heading alignwide has-text-align-center has-text-color has-link-color has-system-sans-serif-font-family wp-elements-ea964225d025e9467139c120f707c4d2\" style=\"color:#f2672e;font-style:normal;font-weight:700\">\u00a1Cont\u00e1ctanos!<\/h2>\n\n\n\n<blockquote class=\"wp-block-quote is-style-default has-background is-layout-flow wp-block-quote-is-layout-flow\" style=\"background-color:#000000\">\n<p class=\"has-text-align-center has-text-color has-link-color wp-elements-554d2e74ad40d3f586da6b71a770ad80\" style=\"color:#fecf84\">\u00a1Somos la chispa que har\u00e1 brillar tu evento como nunca! <\/p>\n<\/blockquote>\n\n\n\n<p class=\"has-text-align-center has-text-color has-link-color wp-elements-20cd6e90796c0910e2a6143dcc510832\" style=\"color:#fecf84\">No esperes m\u00e1s, cont\u00e1ctanos y lleva tu celebraci\u00f3n al siguiente nivel.<\/p>\n<\/div>\n<\/div>\n","protected":false},"excerpt":{"rendered":"<p>Tus ideas, tu espacio Hazlo inolvidable.D\u00e9janos hacerlo realidad:Deja que la magia de la iluminaci\u00f3n transforme tu evento en una experiencia inolvidable: Un escenario de ensue\u00f1o donde cada luz cuenta tu historia. Creamos atm\u00f3sferas con luz, color y dise\u00f1o. Decoraci\u00f3n En un evento, la iluminaci\u00f3n juega un papel crucial en la creaci\u00f3n del ambiente perfecto para [&hellip;]<\/p>\n","protected":false},"author":1,"featured_media":0,"parent":0,"menu_order":0,"comment_status":"closed","ping_status":"closed","template":"custompaginascontenido","meta":{"footnotes":""},"class_list":["post-55","page","type-page","status-publish","hentry"],"_links":{"self":[{"href":"http:\/\/maycohsa.com\/index.php?rest_route=\/wp\/v2\/pages\/55","targetHints":{"allow":["GET"]}}],"collection":[{"href":"http:\/\/maycohsa.com\/index.php?rest_route=\/wp\/v2\/pages"}],"about":[{"href":"http:\/\/maycohsa.com\/index.php?rest_route=\/wp\/v2\/types\/page"}],"author":[{"embeddable":true,"href":"http:\/\/maycohsa.com\/index.php?rest_route=\/wp\/v2\/users\/1"}],"replies":[{"embeddable":true,"href":"http:\/\/maycohsa.com\/index.php?rest_route=%2Fwp%2Fv2%2Fcomments&post=55"}],"version-history":[{"count":4,"href":"http:\/\/maycohsa.com\/index.php?rest_route=\/wp\/v2\/pages\/55\/revisions"}],"predecessor-version":[{"id":197,"href":"http:\/\/maycohsa.com\/index.php?rest_route=\/wp\/v2\/pages\/55\/revisions\/197"}],"wp:attachment":[{"href":"http:\/\/maycohsa.com\/index.php?rest_route=%2Fwp%2Fv2%2Fmedia&parent=55"}],"curies":[{"name":"wp","href":"https:\/\/api.w.org\/{rel}","templated":true}]}}